{"id":48,"date":"2016-11-28T15:16:06","date_gmt":"2016-11-28T15:16:06","guid":{"rendered":"http:\/\/www.yourmusic.pro\/?page_id=48"},"modified":"2017-01-25T10:42:24","modified_gmt":"2017-01-25T14:42:24","slug":"dein-medienproduktion-mein-soundtrack","status":"publish","type":"page","link":"https:\/\/www.yourmusic.pro\/?page_id=48","title":{"rendered":"Komposition"},"content":{"rendered":"<h4 style=\"text-align: center;\">Reklamevideo ohne Musik?<\/h4>\n<h4 style=\"text-align: center;\">Neues Gastronomieprojekt soll im Radio beworben werden?<\/h4>\n<h4 style=\"text-align: center;\">Ein Dokumentarfilm, der Soundeffekte braucht?<\/h4>\n<h4 style=\"text-align: center;\">Fette Rockgitarre f\u00fcr ein Actiongame?<\/h4>\n<hr \/>\n<p>Dank reicher Erfahrung im Bereich \u201eScore To Picture\u201c und Komposition\/Produktion von Musik f\u00fcr Multimedia kann ich Dir perfekt f\u00fcr dein Mediaprojekt ma\u00dfgeschneiderte Musik oder andere Soundtrack-Elemente anbieten.<br \/>\nIch arbeite in fast allen Stilen und verf\u00fcge \u00fcber reichhaltige Bibliotheken von Sounds und Kl\u00e4ngen, auch habe ich beste Kontakte zu professionellen Studiomusikern\/-sprechern.<\/p>\n<p>Hier ein paar Beispiele:<\/p>\n<p>Dies ist die Vertonung eines Reklamefilms f\u00fcr die Tourismusbeh\u00f6rde von Bonaire.<br \/>\nDie Musik ist eine Auftragskomposition, und teilweise frame-genau auf das Bildmaterial komponiert:<\/p>\n<div class=\"video-container\">&lt;<iframe loading=\"lazy\" src=\"https:\/\/www.youtube.com\/embed\/AJDZ5meIq8s?rel=0&amp;controls=2&amp;fs=1&amp;showinfo=0&amp;modestbranding=1\" width=\"300\" height=\"150\" frameborder=\"0\" allowfullscreen=\"allowfullscreen\"><\/iframe><\/div>\n<p><cr><br \/>\nHier ein kurzer Promoclip f\u00fcr ein Schwimmteam als Unterst\u00fctzung f\u00fcr eine internationale Meisterschaft:<\/p>\n<div class=\"video-container\">&lt;<iframe loading=\"lazy\" src=\"https:\/\/www.youtube.com\/embed\/-gV9YzCJFxE?rel=0&amp;controls=2&amp;fs=1&amp;showinfo=0&amp;modestbranding=1\" width=\"300\" height=\"150\" frameborder=\"0\" allowfullscreen=\"allowfullscreen\"><\/iframe><\/div>\n<p><cr><br \/>\nUnd hier eine Kinoreklame f\u00fcr ein franz\u00f6sisches Boutique-Hotel:<\/p>\n<div class=\"video-container\">&lt;<iframe loading=\"lazy\" src=\"https:\/\/www.youtube.com\/embed\/xVdxUssu1a4?rel=0&amp;controls=2&amp;fs=1&amp;showinfo=0&amp;modestbranding=1\" width=\"300\" height=\"150\" frameborder=\"0\" allowfullscreen=\"allowfullscreen\"><\/iframe><\/div>\n","protected":false},"excerpt":{"rendered":"<p>Reklamevideo ohne Musik? Neues Gastronomieprojekt soll im Radio beworben werden? Ein Dokumentarfilm, der Soundeffekte braucht? Fette Rockgitarre f\u00fcr ein Actiongame? Dank reicher Erfahrung im Bereich \u201eScore To Picture\u201c und Komposition\/Produktion von Musik f\u00fcr Multimedia kann ich Dir perfekt f\u00fcr dein Mediaprojekt ma\u00dfgeschneiderte Musik oder andere Soundtrack-Elemente anbieten. Ich arbeite in fast allen Stilen und verf\u00fcge \u00fcber reichhaltige Bibliotheken von Sounds und Kl\u00e4ngen, auch habe ich beste Kontakte zu professionellen Studiomusikern\/-sprechern. Hier ein paar Beispiele: Dies ist die Vertonung eines Reklamefilms f\u00fcr die Tourismusbeh\u00f6rde von Bonaire. Die Musik ist eine Auftragskomposition, und teilweise frame-genau auf das Bildmaterial komponiert: &lt; Hier ein kurzer Promoclip f\u00fcr ein Schwimmteam als Unterst\u00fctzung f\u00fcr eine internationale&hellip; <a class=\"read-more\" href=\"https:\/\/www.yourmusic.pro\/?page_id=48\">Read More<\/a><\/p>\n","protected":false},"author":1,"featured_media":335,"parent":0,"menu_order":0,"comment_status":"closed","ping_status":"closed","template":"","meta":{"footnotes":""},"class_list":["post-48","page","type-page","status-publish","has-post-thumbnail","hentry"],"_links":{"self":[{"href":"https:\/\/www.yourmusic.pro\/index.php?rest_route=\/wp\/v2\/pages\/48","targetHints":{"allow":["GET"]}}],"collection":[{"href":"https:\/\/www.yourmusic.pro\/index.php?rest_route=\/wp\/v2\/pages"}],"about":[{"href":"https:\/\/www.yourmusic.pro\/index.php?rest_route=\/wp\/v2\/types\/page"}],"author":[{"embeddable":true,"href":"https:\/\/www.yourmusic.pro\/index.php?rest_route=\/wp\/v2\/users\/1"}],"replies":[{"embeddable":true,"href":"https:\/\/www.yourmusic.pro\/index.php?rest_route=%2Fwp%2Fv2%2Fcomments&post=48"}],"version-history":[{"count":31,"href":"https:\/\/www.yourmusic.pro\/index.php?rest_route=\/wp\/v2\/pages\/48\/revisions"}],"predecessor-version":[{"id":329,"href":"https:\/\/www.yourmusic.pro\/index.php?rest_route=\/wp\/v2\/pages\/48\/revisions\/329"}],"wp:featuredmedia":[{"embeddable":true,"href":"https:\/\/www.yourmusic.pro\/index.php?rest_route=\/wp\/v2\/media\/335"}],"wp:attachment":[{"href":"https:\/\/www.yourmusic.pro\/index.php?rest_route=%2Fwp%2Fv2%2Fmedia&parent=48"}],"curies":[{"name":"wp","href":"https:\/\/api.w.org\/{rel}","templated":true}]}}