{"id":46,"date":"2016-11-28T15:15:37","date_gmt":"2016-11-28T15:15:37","guid":{"rendered":"http:\/\/www.yourmusic.pro\/?page_id=46"},"modified":"2021-06-10T05:15:43","modified_gmt":"2021-06-10T09:15:43","slug":"deine-aufnahme-mein-studio","status":"publish","type":"page","link":"https:\/\/www.yourmusic.pro\/?page_id=46","title":{"rendered":"Studio"},"content":{"rendered":"<h4 style=\"text-align: center;\">Muss ein Demo her?<\/h4>\n<h4 style=\"text-align: center;\">Brauchst du ein Portfolio deines Repertoires?<\/h4>\n<h4 style=\"text-align: center;\">Geschenk f\u00fcr die bessere H\u00e4lfte zum Jubil\u00e4um?<\/h4>\n<h4 style=\"text-align: center;\">Plattenproduktion in Aussicht?<\/h4>\n<hr \/>\n<p><img loading=\"lazy\" decoding=\"async\" class=\"alignleft wp-image-276\" src=\"http:\/\/www.yourmusic.pro\/wp-content\/uploads\/2016\/12\/WP_20170112_10_33_21_Pro-300x169.jpg\" width=\"640\" height=\"360\" srcset=\"https:\/\/www.yourmusic.pro\/wp-content\/uploads\/2016\/12\/WP_20170112_10_33_21_Pro-300x169.jpg 300w, https:\/\/www.yourmusic.pro\/wp-content\/uploads\/2016\/12\/WP_20170112_10_33_21_Pro-768x432.jpg 768w, https:\/\/www.yourmusic.pro\/wp-content\/uploads\/2016\/12\/WP_20170112_10_33_21_Pro-1024x576.jpg 1024w\" sizes=\"auto, (max-width: 640px) 100vw, 640px\" \/>Mein Aufnahmestudio ist eine Kombination aus klassischer Analogtechnik und den modernsten digitalen Produktionsformen, und das bedeutet effizientes Arbeiten und superbe Ergebnisse f\u00fcr dein Bandprojekt, Gesangsdemo, Vorproduktion und vieles mehr!<\/p>\n<p>Ich arbeite ausschlie\u00dflich mit Qualit\u00e4tsger\u00e4ten von Universal Audio, Neumann, Allen &amp; Heath, Lexicon, Fractal Audio Systems und vielen anderen renommierten Herstellern.<\/p>\n<p>W\u00e4hrend der Arbeit stehst Du als K\u00fcnstler im Vordergrund und mein Job ist es, deine Musik so relaxed und perfekt wie m\u00f6glich zu verewigen!<\/p>\n<p>Hier ein Demo der Produktionsm\u00f6glichkeiten, die ich Dir bieten kann im Hinblick auf deine Aufnahmen:<\/p>\n<p><iframe loading=\"lazy\" src=\"https:\/\/w.soundcloud.com\/player\/?url=https%3A\/\/api.soundcloud.com\/tracks\/241428041&amp;color=ff5500&amp;auto_play=false&amp;hide_related=false&amp;show_comments=true&amp;show_user=true&amp;show_reposts=false\" width=\"100%\" height=\"100\" frameborder=\"no\" scrolling=\"no\"><\/iframe><\/p>\n<p>Ein paar Erl\u00e4uterungen:<\/p>\n<p>&#8222;L&#8217;Art Vivant&#8220; ist eine Erweiterung einer fr\u00fcheren Arbeit und hat die Form eines &#8222;Thema mit Variationen&#8220;.<br \/>\nMein umfangreicher Orchester- und Chorhintergrund sowie die jahrelange Ausbildung als klassischer Violinist erm\u00f6glicht es mir, \u00fcberzeugende Arrangements auf dem neuesten Stand der Technik zu erstellen, wie zum Beispiel (In Reihenfolge ihres Auftretens):<\/p>\n<ul>\n<li>Eine Solo-Violine\u00a0aus dem Halion Symphonic Orchestra (HSO) Samplerpaket und einige gro\u00df angelegte Percussion Hits aus EWQLs Stormdrum 3. Zus\u00e4tzlich einige Wind und Gewitter Effekte&#8230;<br \/>\nDie Solo-Violine\u00a0ist live eingespielt\u00a0mit dem MIDI Guitar\u00a02 Software-Konverter und bearbeitet f\u00fcr Erkennungsfehler.<\/li>\n<li>Ein Sopran aus dem Symphonic Choirs-Paket, begleitet von Synthogys American Concert D-Fl\u00fcgelsampler. Der Klavierpart ist eine Reihe von Loops aus Toontracks EZKeys Plugin.<br \/>\nSchlagzeug und Perkussion stammen aus den Superior Drummer 2\u00a0&#8222;Roots&#8220; und EZX Latin Percussion Bibliotheken. Alle Gitarren und Bass sind selbst eingespielt&#8230;<br \/>\nAu\u00dferdem habe ich nochmal drei Solosopranstimmen aus dem Symphonic Choirs-Paket eingesetzt.<\/li>\n<li>Der Leadgitarrensound ist erzeugt vom\u00a0Fractal Audio AxeFx 2, aufgezeichnet rein analog durch einen Universal Audio LA-610 Mk2 Vollr\u00f6hren-Preamp.\u00a0Das verwendete\u00a0Amp-Modell\u00a0ist der Friedman HBE mit meiner Vintage PRS CE24 Gitarre, und die orchestralen\u00a0Blechbl\u00e4ser und Streicher sind\u00a0aus Steinbergs HSO Sampler.<\/li>\n<li>Der letzte Teil nutzt die Wordbuilder-Komponente der Symphonic Choirs, der Chor singt den folgenden Text:<br \/>\n&#8222;Ars vivens ad blandientur animam hominis ut exaltaret supra nos ruinam nostros instinctus&#8220;.<\/li>\n<\/ul>\n","protected":false},"excerpt":{"rendered":"<p>Muss ein Demo her? Brauchst du ein Portfolio deines Repertoires? Geschenk f\u00fcr die bessere H\u00e4lfte zum Jubil\u00e4um? Plattenproduktion in Aussicht? Mein Aufnahmestudio ist eine Kombination aus klassischer Analogtechnik und den modernsten digitalen Produktionsformen, und das bedeutet effizientes Arbeiten und superbe Ergebnisse f\u00fcr dein Bandprojekt, Gesangsdemo, Vorproduktion und vieles mehr! Ich arbeite ausschlie\u00dflich mit Qualit\u00e4tsger\u00e4ten von Universal Audio, Neumann, Allen &amp; Heath, Lexicon, Fractal Audio Systems und vielen anderen renommierten Herstellern. W\u00e4hrend der Arbeit stehst Du als K\u00fcnstler im Vordergrund und mein Job ist es, deine Musik so relaxed und perfekt wie m\u00f6glich zu verewigen! Hier ein Demo der Produktionsm\u00f6glichkeiten, die ich Dir bieten kann im Hinblick auf deine Aufnahmen: Ein&hellip; <a class=\"read-more\" href=\"https:\/\/www.yourmusic.pro\/?page_id=46\">Read More<\/a><\/p>\n","protected":false},"author":1,"featured_media":281,"parent":0,"menu_order":0,"comment_status":"closed","ping_status":"closed","template":"","meta":{"footnotes":""},"class_list":["post-46","page","type-page","status-publish","has-post-thumbnail","hentry"],"_links":{"self":[{"href":"https:\/\/www.yourmusic.pro\/index.php?rest_route=\/wp\/v2\/pages\/46","targetHints":{"allow":["GET"]}}],"collection":[{"href":"https:\/\/www.yourmusic.pro\/index.php?rest_route=\/wp\/v2\/pages"}],"about":[{"href":"https:\/\/www.yourmusic.pro\/index.php?rest_route=\/wp\/v2\/types\/page"}],"author":[{"embeddable":true,"href":"https:\/\/www.yourmusic.pro\/index.php?rest_route=\/wp\/v2\/users\/1"}],"replies":[{"embeddable":true,"href":"https:\/\/www.yourmusic.pro\/index.php?rest_route=%2Fwp%2Fv2%2Fcomments&post=46"}],"version-history":[{"count":24,"href":"https:\/\/www.yourmusic.pro\/index.php?rest_route=\/wp\/v2\/pages\/46\/revisions"}],"predecessor-version":[{"id":951,"href":"https:\/\/www.yourmusic.pro\/index.php?rest_route=\/wp\/v2\/pages\/46\/revisions\/951"}],"wp:featuredmedia":[{"embeddable":true,"href":"https:\/\/www.yourmusic.pro\/index.php?rest_route=\/wp\/v2\/media\/281"}],"wp:attachment":[{"href":"https:\/\/www.yourmusic.pro\/index.php?rest_route=%2Fwp%2Fv2%2Fmedia&parent=46"}],"curies":[{"name":"wp","href":"https:\/\/api.w.org\/{rel}","templated":true}]}}