{"id":44,"date":"2016-11-28T15:14:41","date_gmt":"2016-11-28T15:14:41","guid":{"rendered":"http:\/\/www.yourmusic.pro\/?page_id=44"},"modified":"2021-06-10T05:23:07","modified_gmt":"2021-06-10T09:23:07","slug":"deine-gitarre-mein-unterricht","status":"publish","type":"page","link":"https:\/\/www.yourmusic.pro\/?page_id=44","title":{"rendered":"Unterricht"},"content":{"rendered":"<h4 style=\"text-align: center;\">Gitarre spielen lernen?<\/h4>\n<h4 style=\"text-align: center;\">Neue Songs oder einen neuen Stil draufschaffen?<\/h4>\n<h4 style=\"text-align: center;\">Vom Blatt spielen?<\/h4>\n<h4 style=\"text-align: center;\">Technik muss besser werden?<\/h4>\n<h4 style=\"text-align: center;\">Steht eine Aufnahmepr\u00fcfung an?<\/h4>\n<hr \/>\n<p>Als diplomierter Jazzdozent im Fach Gitarre und langj\u00e4hrig freischaffender Musiker ist mein Gitarrenunterricht weitestgehend orientiert an Deinen Vorlieben und Ideen, aber es gibt nat\u00fcrlich schon Basisprinzipien, die relativ sicher zum Erfolg f\u00fchren, wie z.B. eine saubere Technik, straffe Rhythmik , unter Umst\u00e4nden Blattspielfertigkeiten, Skalen und Licks f\u00fcr Solos, sowie das Akkordspiel und andere Begleitformen&#8230;<\/p>\n<p>Ich arbeite mit etablierten Methoden, gerade wenn es um Anf\u00e4ngerunterricht geht, f\u00fcr\u00a0fortgeschrittene Sch\u00fcler erstelle ich gerne ma\u00dfgeschneidertes Material und nehme eher eine Mentor-Position ein, mit einem Schwerpunkt auf\u00a0selbstst\u00e4ndigem Arbeiten.<\/p>\n<p>Auch kann ich dir helfen beim Aufbau eines Repertoires oder der Verbreiterung Deiner \u201eStilbasis\u201c&#8230;<\/p>\n<p>Hier siehst Du eine von mir verfasste Methode zum intensivem Kennenlernen des Griffbretts (auch erh\u00e4ltlich auf Deutsch nat\u00fcrlich!), ich benutze sie ganz oder in Teilen zum Vermitteln von Grundlagen der Improvisation.<\/p>\n<p style=\"text-align: left;\"><a href=\"https:\/\/www.yourmusic.pro\/wp-content\/uploads\/2017\/01\/The-Grand-Unified-Theory-Of-Fretboard-Organization_opt.pdf\" class=\"pdfemb-viewer\" style=\"width: 500px; \" data-width=\"500\" data-height=\"max\" data-mobile-width=\"500\"  data-scrollbar=\"none\" data-download=\"on\" data-tracking=\"on\" data-newwindow=\"on\" data-pagetextbox=\"off\" data-scrolltotop=\"off\" data-startzoom=\"100\" data-startfpzoom=\"100\" data-toolbar=\"bottom\" data-toolbar-fixed=\"off\">The Grand Unified Theory Of Fretboard Organization<br\/><\/a><\/p>\n","protected":false},"excerpt":{"rendered":"<p>Gitarre spielen lernen? Neue Songs oder einen neuen Stil draufschaffen? Vom Blatt spielen? Technik muss besser werden? Steht eine Aufnahmepr\u00fcfung an? Als diplomierter Jazzdozent im Fach Gitarre und langj\u00e4hrig freischaffender Musiker ist mein Gitarrenunterricht weitestgehend orientiert an Deinen Vorlieben und Ideen, aber es gibt nat\u00fcrlich schon Basisprinzipien, die relativ sicher zum Erfolg f\u00fchren, wie z.B. eine saubere Technik, straffe Rhythmik , unter Umst\u00e4nden Blattspielfertigkeiten, Skalen und Licks f\u00fcr Solos, sowie das Akkordspiel und andere Begleitformen&#8230; Ich arbeite mit etablierten Methoden, gerade wenn es um Anf\u00e4ngerunterricht geht, f\u00fcr\u00a0fortgeschrittene Sch\u00fcler erstelle ich gerne ma\u00dfgeschneidertes Material und nehme eher eine Mentor-Position ein, mit einem Schwerpunkt auf\u00a0selbstst\u00e4ndigem Arbeiten. Auch kann ich dir helfen beim&hellip; <a class=\"read-more\" href=\"https:\/\/www.yourmusic.pro\/?page_id=44\">Read More<\/a><\/p>\n","protected":false},"author":1,"featured_media":98,"parent":0,"menu_order":0,"comment_status":"closed","ping_status":"closed","template":"","meta":{"footnotes":""},"class_list":["post-44","page","type-page","status-publish","has-post-thumbnail","hentry"],"_links":{"self":[{"href":"https:\/\/www.yourmusic.pro\/index.php?rest_route=\/wp\/v2\/pages\/44","targetHints":{"allow":["GET"]}}],"collection":[{"href":"https:\/\/www.yourmusic.pro\/index.php?rest_route=\/wp\/v2\/pages"}],"about":[{"href":"https:\/\/www.yourmusic.pro\/index.php?rest_route=\/wp\/v2\/types\/page"}],"author":[{"embeddable":true,"href":"https:\/\/www.yourmusic.pro\/index.php?rest_route=\/wp\/v2\/users\/1"}],"replies":[{"embeddable":true,"href":"https:\/\/www.yourmusic.pro\/index.php?rest_route=%2Fwp%2Fv2%2Fcomments&post=44"}],"version-history":[{"count":32,"href":"https:\/\/www.yourmusic.pro\/index.php?rest_route=\/wp\/v2\/pages\/44\/revisions"}],"predecessor-version":[{"id":954,"href":"https:\/\/www.yourmusic.pro\/index.php?rest_route=\/wp\/v2\/pages\/44\/revisions\/954"}],"wp:featuredmedia":[{"embeddable":true,"href":"https:\/\/www.yourmusic.pro\/index.php?rest_route=\/wp\/v2\/media\/98"}],"wp:attachment":[{"href":"https:\/\/www.yourmusic.pro\/index.php?rest_route=%2Fwp%2Fv2%2Fmedia&parent=44"}],"curies":[{"name":"wp","href":"https:\/\/api.w.org\/{rel}","templated":true}]}}